{"id":39,"date":"2018-06-04T17:41:10","date_gmt":"2018-06-04T22:41:10","guid":{"rendered":"https:\/\/www.pedidoenlinea.com\/huatulco\/?page_id=39"},"modified":"2018-06-05T12:54:57","modified_gmt":"2018-06-05T17:54:57","slug":"ciudades","status":"publish","type":"page","link":"https:\/\/www.pedidoenlinea.com\/huatulco\/ciudades\/","title":{"rendered":"Ciudades"},"content":{"rendered":"<ul>\n<li><strong><a href=\"https:\/\/www.pedidoenlinea.com\/huatulco\/acapulco\/\">Acapulco<\/a><\/strong><\/li>\n<li><strong><a href=\"https:\/\/www.pedidoenlinea.com\/huatulco\/cancun\/\">Canc\u00fan y Playa del Carmen<\/a><\/strong><\/li>\n<li><strong><a href=\"https:\/\/www.pedidoenlinea.com\/huatulco\/cuernavaca\/\">Cuernavaca y alrededores<\/a><\/strong><\/li>\n<li><strong><a href=\"https:\/\/www.pedidoenlinea.com\/huatulco\/guadalajara\/\">Guadalajara<\/a><\/strong><\/li>\n<li><strong><a href=\"https:\/\/www.pedidoenlinea.com\/huatulco\/huatulco\/\">Huatulco y Puerto Escondido<\/a><\/strong><\/li>\n<li><strong><a href=\"https:\/\/www.pedidoenlinea.com\/huatulco\/leon\/\">Le\u00f3n y el Bajio<\/a><\/strong><\/li>\n<li><strong><a href=\"https:\/\/www.pedidoenlinea.com\/huatulco\/loscabos\/\">Los Cabos y La Paz<\/a><\/strong><\/li>\n<li><strong><a href=\"https:\/\/www.pedidoenlinea.com\/huatulco\/merida\/\">M\u00e9rida<\/a><\/strong><\/li>\n<li><strong><a href=\"https:\/\/www.pedidoenlinea.com\/huatulco\/mexico\/\">CIUDAD DE MEXICO<\/a><\/strong><\/li>\n<li><strong><a href=\"https:\/\/www.pedidoenlinea.com\/huatulco\/monterrey\/\">Monterrey y alrededores<\/a><\/strong><\/li>\n<li><strong><a href=\"https:\/\/www.pedidoenlinea.com\/huatulco\/morelia\/\">Morelia<\/a><\/strong><\/li>\n<li><strong><a href=\"https:\/\/www.pedidoenlinea.com\/huatulco\/pachuca\/\">Pachuca<\/a><\/strong><\/li>\n<li><strong><a href=\"https:\/\/www.pedidoenlinea.com\/huatulco\/puebla\/\">Puebla<\/a><\/strong><\/li>\n<li><strong><a href=\"https:\/\/www.pedidoenlinea.com\/huatulco\/vallarta\/\">Puerto Vallarta<\/a><\/strong><\/li>\n<li><strong><a href=\"https:\/\/www.pedidoenlinea.com\/huatulco\/queretaro\/\">Quer\u00e9taro<\/a><\/strong><\/li>\n<li><strong><a href=\"https:\/\/www.pedidoenlinea.com\/huatulco\/tijuana\/\">Tijuana<\/a><\/strong><\/li>\n<li><strong><a href=\"https:\/\/www.pedidoenlinea.com\/huatulco\/toluca\/\">Toluca y Metepec<\/a><\/strong><\/li>\n<li><strong><a href=\"https:\/\/www.pedidoenlinea.com\/huatulco\/otrasciudades\/\">Otras Ciudades<\/a><\/strong><\/li>\n<\/ul>\n","protected":false},"excerpt":{"rendered":"<p>Acapulco Canc\u00fan y Playa del Carmen Cuernavaca y alrededores Guadalajara Huatulco y Puerto Escondido Le\u00f3n y el Bajio Los Cabos y La Paz M\u00e9rida CIUDAD DE MEXICO Monterrey y alrededores Morelia Pachuca Puebla Puerto Vallarta Quer\u00e9taro Tijuana Toluca y Metepec Otras Ciudades<\/p>\n","protected":false},"author":1,"featured_media":0,"parent":0,"menu_order":0,"comment_status":"closed","ping_status":"closed","template":"","meta":{"_et_pb_use_builder":"","_et_pb_old_content":"","_et_gb_content_width":"","pmpro_default_level":"","footnotes":""},"class_list":["post-39","page","type-page","status-publish","hentry","pmpro-has-access"],"_links":{"self":[{"href":"https:\/\/www.pedidoenlinea.com\/huatulco\/wp-json\/wp\/v2\/pages\/39","targetHints":{"allow":["GET"]}}],"collection":[{"href":"https:\/\/www.pedidoenlinea.com\/huatulco\/wp-json\/wp\/v2\/pages"}],"about":[{"href":"https:\/\/www.pedidoenlinea.com\/huatulco\/wp-json\/wp\/v2\/types\/page"}],"author":[{"embeddable":true,"href":"https:\/\/www.pedidoenlinea.com\/huatulco\/wp-json\/wp\/v2\/users\/1"}],"replies":[{"embeddable":true,"href":"https:\/\/www.pedidoenlinea.com\/huatulco\/wp-json\/wp\/v2\/comments?post=39"}],"version-history":[{"count":0,"href":"https:\/\/www.pedidoenlinea.com\/huatulco\/wp-json\/wp\/v2\/pages\/39\/revisions"}],"wp:attachment":[{"href":"https:\/\/www.pedidoenlinea.com\/huatulco\/wp-json\/wp\/v2\/media?parent=39"}],"curies":[{"name":"wp","href":"https:\/\/api.w.org\/{rel}","templated":true}]}}