{"id":9,"date":"2018-05-28T15:02:01","date_gmt":"2018-05-28T20:02:01","guid":{"rendered":"https:\/\/www.pedidoenlinea.com\/huatulco\/?page_id=9"},"modified":"2018-06-03T14:35:09","modified_gmt":"2018-06-03T19:35:09","slug":"aviso-de-privacidad-y-uso-de-pedidoenlinea-com","status":"publish","type":"page","link":"https:\/\/www.pedidoenlinea.com\/huatulco\/aviso-de-privacidad-y-uso-de-pedidoenlinea-com\/","title":{"rendered":"Aviso de Privacidad y uso de Pedidoenlinea.com"},"content":{"rendered":"<p style=\"text-align: center;\"><strong><u>AVISO DE USO Y PROTECCION DE DATOS<\/u><\/strong><\/p>\n<p>&nbsp;<\/p>\n<p style=\"text-align: justify;\"><span style=\"font-family: arial, helvetica, sans-serif;\">INFORMACI\u00d3N<\/span><\/p>\n<p style=\"text-align: justify;\"><span style=\"font-family: arial, helvetica, sans-serif;\">Consultores en Comunicaciones y Computaci\u00f3n S.A. de C.V. que en lo sucesivo se nombrar\u00e1 como CCC, aclara que la informaci\u00f3n encontrada en este servicio de portal en internet no ha sido confirmada por su parte y no se responsabiliza de la veracidad o exactitud de ella.<\/span><\/p>\n<p style=\"text-align: justify;\"><span style=\"font-family: arial, helvetica, sans-serif;\"><strong>Este portal web pueden recopilar datos sobre ti, incluyendo nombre, usuario, password y correo electr\u00f3nico, tambi\u00e9n utilizar cookies, incrustar un seguimiento adicional de terceros, y supervisar tu interacci\u00f3n con ese contenido incrustado, \u00a0incluido el seguimiento de su interacci\u00f3n con el contenido incrustado si tienes una cuenta y est\u00e1s conectado a esa web.<\/strong><\/span><\/p>\n<p style=\"text-align: justify;\"><span style=\"font-family: arial, helvetica, sans-serif;\">La veracidad de la informaci\u00f3n de este sitio es exclusivamente responsabilidad de su anunciante y en cualquier reclamaci\u00f3n de indemnizaci\u00f3n, CCC quedar\u00e1 libre de responsabilidad, tampoco puede garantizar la ausencia de virus o alg\u00fan otro tipo de agente nocivo y que es bajo responsabilidad \u00fanica del usuario.<\/span><\/p>\n<p style=\"text-align: justify;\"><span style=\"font-family: arial, helvetica, sans-serif;\">CCC no es responsable de que menores de edad o persona sin plena capacidad de uso del portal pueda tener acceso a las publicaciones del portal. Dicha persona deber\u00e1 abstenerse de su uso por propia voluntad.<\/span><\/p>\n<p style=\"text-align: justify;\"><span style=\"font-family: arial, helvetica, sans-serif;\">CCC toma con seriedad la confianza y seguridad del sitio. Sin embargo el usuario debe estar consciente de la naturaleza cambiante del internet y sus limitaciones, as\u00ed como sus caracter\u00edsticas t\u00e9cnicas y los tiempos de respuesta para consultar, ofrecer o transferir datos e informaci\u00f3n lo que hace dif\u00edcil proporcionar un servicio libre de fallas. Ning\u00fan sistema es 100% seguro, el internet es un medio inherentemente inseguro, la confiabilidad en los servicios de hospedaje de sitios web, intermediarios de internet, el proveedor de internet de cada usuario y otros servicios no pueden ser asegurados por CCC, usted acepta estos riesgos y adquiere la responsabilidad de elegir una tecnolog\u00eda que no provee 100% de seguridad y es responsabilidad del usuario el asegurarse de su navegaci\u00f3n segura. Se recomienda tener un antivirus actualizado en el dispositivo de navegaci\u00f3n.<\/span><\/p>\n<p style=\"text-align: justify;\"><span style=\"font-family: arial, helvetica, sans-serif;\">SERVICIOS<\/span><\/p>\n<p style=\"text-align: justify;\"><span style=\"font-family: arial, helvetica, sans-serif;\">CCC es una empresa que ofrece el servicio de apoyo a terceros para poder publicar en el dominio www.pedidoenlinea.com\/huatulco, de ahora en adelante EL PORTAL, o en alg\u00fan otro medio o portal los bienes o servicios que deseen publicar los anunciantes.<\/span><\/p>\n<p style=\"text-align: justify;\"><span style=\"font-family: arial, helvetica, sans-serif;\">El usuario deber\u00e1 abstenerse de visitar el portal si su intensi\u00f3n es diferente a la de obtener informaci\u00f3n de los productos y servicios que ofrecen los anunciantes, o la de obtener una membres\u00eda de apoyo y consultor\u00eda.<\/span><\/p>\n<p style=\"text-align: justify;\"><span style=\"font-family: arial, helvetica, sans-serif;\">El usuario del portal otorga la aceptaci\u00f3n plena del libramiento de responsabilidad a CCC de la informaci\u00f3n que se encuentre en este portal y que es de su propia responsabilidad el manejo y uso, adem\u00e1s que tiene la edad suficiente para hacer uso del portal, que sabe, reconoce y est\u00e1 de acuerdo a las condiciones de uso. Adem\u00e1s se considera enterado de que CCC puede en un momento utilizar herramientas para obtener estad\u00edsticas, e informaci\u00f3n del uso de sus portales, puede cambiar las condiciones de uso y la vigencia de operaci\u00f3n sin previo aviso.<\/span><\/p>\n<p style=\"text-align: justify;\"><span style=\"font-family: arial, helvetica, sans-serif;\">El usuario y el anunciante reconocen y aceptan que CCC o cualquier persona relacionada de forma directa o indirecta a \u00e9l, no tiene responsabilidad en ning\u00fan caso de los servicios y bienes entregados por los anunciantes de su portal. Y por lo tanto no deber\u00e1 ser afectado directa o indirectamente por demanda alguna sobre este tipo de servicios o bienes entregados.<\/span><\/p>\n<p style=\"text-align: justify;\"><span style=\"font-family: arial, helvetica, sans-serif;\">CCC le da prioridad a mantener lo m\u00e1s actualizado el portal con programas de seguridad, de control de informaci\u00f3n, de control de SPAM, y de los requeridos para su \u00f3ptima operaci\u00f3n y seguridad, por lo cual puede bajar su rendimiento y velocidad. Adem\u00e1s por tener los programas m\u00e1s avanzados puede aparecer alguna informaci\u00f3n en un idioma diferente, anticipando una disculpa por esta dificultad motivada por la b\u00fasqueda de dar el mejor servicio.<\/span><\/p>\n<p style=\"text-align: justify;\"><span style=\"font-family: arial, helvetica, sans-serif;\">CCC tiene el principio de minimizar la instalaci\u00f3n de programas, cookies, geolocalizaci\u00f3n y rutinas dentro de los equipos de los visitantes, la duraci\u00f3n de la mayor\u00eda de las cookies es de un mes y algunas por un a\u00f1o.<\/span><\/p>\n<p style=\"text-align: justify;\"><span style=\"font-family: arial, helvetica, sans-serif;\">CCC busca mejorar la oferta de anuncios y apoyar las preferencias, siempre buscando la satisfacci\u00f3n del visitante, adem\u00e1s de mantener el contacto con los visitantes para reconocer sus necesidades y preferencias.<\/span><\/p>\n<p style=\"text-align: justify;\"><span style=\"font-family: arial, helvetica, sans-serif;\"><strong>Este portal web pueden recopilar datos sobre ti, incluyendo nombre, usuario, password y correo electr\u00f3nico, tambi\u00e9n utilizar cookies, incrustar un seguimiento adicional de terceros, y supervisar tu interacci\u00f3n con ese contenido incrustado, \u00a0incluido el seguimiento de su interacci\u00f3n con el contenido incrustado si tienes una cuenta y est\u00e1s conectado a esa web.<\/strong><\/span><\/p>\n<p style=\"text-align: justify;\"><span style=\"font-family: arial, helvetica, sans-serif;\"><strong>Las acciones e informaci\u00f3n de los visitantes puede que sean revisadas por \u00a0un servicio de detecci\u00f3n autom\u00e1tica de spam y otros servicios de seguridad<\/strong><\/span><\/p>\n<p style=\"text-align: justify;\"><span style=\"font-family: arial, helvetica, sans-serif;\"><strong>\u00a0<\/strong><\/span><\/p>\n<p style=\"text-align: justify;\"><span style=\"font-family: arial, helvetica, sans-serif;\"><strong>El visitante y el anunciante deber\u00e1n \u00a0minimizar el uso de informaci\u00f3n que comprometa su seguridad y ser\u00e1 bajo su propia responsabilidad el publicarla. <\/strong><\/span><\/p>\n<p style=\"text-align: justify;\"><span style=\"font-family: arial, helvetica, sans-serif;\"><strong>\u00a0<\/strong><\/span><\/p>\n<p style=\"text-align: justify;\"><span style=\"font-family: arial, helvetica, sans-serif;\">Si tiene una cuenta o ha dejado comentarios en esta web, puede solicitar que eliminemos cualquier dato personal que tengamos sobre usted. Esto no incluye ning\u00fan dato que estemos obligados a conservar con fines administrativos, legales o de seguridad. Para ello deber\u00e1 solicitar por medio de un correo a <a href=\"mailto:soporte@ccc-mx.com\">soporte@ccc-mx.com<\/a> aclarando el motivo y los datos del usuario desde el correo registrado en el portal.<\/span><\/p>\n<p style=\"text-align: justify;\"><span style=\"font-family: arial, helvetica, sans-serif;\">La misi\u00f3n de CCC es proporcionar informaci\u00f3n a los visitantes y anunciantes a costos bajos con niveles altos de seguridad pero sin poder garantizar al 100 % la seguridad; por esa raz\u00f3n recomienda a los visitantes de no proporcionar informaci\u00f3n m\u00e1s all\u00e1 de la necesaria, y adem\u00e1s utiliza y recomienda los medios seguros reconocidos en Internet para las transacciones, quedando la total responsabilidad de la seguridad en el proveedor de dicho servicio y el usuario.<\/span><\/p>\n<p style=\"text-align: justify;\"><span style=\"font-family: arial, helvetica, sans-serif;\"><strong>Contenido incrustado de otros sitios web<\/strong><\/span><\/p>\n<p style=\"text-align: justify;\"><span style=\"font-family: arial, helvetica, sans-serif;\"><strong>Los art\u00edculos de este sitio pueden incluir contenido incrustado (por ejemplo, v\u00eddeos, im\u00e1genes, art\u00edculos, etc.). El contenido incrustado de otras web se comporta exactamente de la misma manera que si el visitante hubiera visitado la otra web, bajo sus propias condiciones de uso y seguridad.<\/strong><\/span><\/p>\n<p style=\"text-align: justify;\"><span style=\"font-family: arial, helvetica, sans-serif;\"><strong>Estas web ajenas pueden recopilar datos sobre ti, utilizar cookies, incrustar un seguimiento adicional de terceros, y supervisar tu interacci\u00f3n con ese contenido incrustado, \u00a0incluido el seguimiento de su interacci\u00f3n con el contenido incrustado si tienes una cuenta y est\u00e1s conectado a esa web.<\/strong><\/span><\/p>\n<p style=\"text-align: justify;\"><span style=\"font-family: arial, helvetica, sans-serif;\">Si el usuario no desea autorizar o mantener el uso de las cookies, deber\u00e1 limpiar su equipo por medio de las herramientas de eliminaci\u00f3n de cookies seg\u00fan su navegador y el sistema operativo de su equipo.<\/span><\/p>\n<p style=\"text-align: justify;\"><span style=\"font-family: arial, helvetica, sans-serif;\">Para los anunciantes la responsabilidad m\u00e1xima de CCC ser\u00e1 la de reponer el tiempo que no est\u00e9 activa la publicaci\u00f3n por error o por falta de comunicaci\u00f3n comprobable a CCC, y aclara que no es responsable de la informaci\u00f3n ni de los perjuicios o da\u00f1os que la informaci\u00f3n de su portal pueda causar. Adem\u00e1s, no es acreditable a CCC las fallas ocasionadas debido a problemas de comunicaci\u00f3n o fallas tecnol\u00f3gicas de internet.<\/span><\/p>\n<p style=\"text-align: justify;\"><span style=\"font-family: arial, helvetica, sans-serif;\">CCC no ser\u00e1 responsable del uso de la informaci\u00f3n p\u00fablica de los anunciantes y visitantes de EL PORTAL o por el medio que terceras personas utilicen para obtenerla.<\/span><\/p>\n<p style=\"text-align: justify;\"><span style=\"font-family: arial, helvetica, sans-serif;\"><strong>CCC utiliza y recomienda el uso de sistemas de pago altamente reconocidos por su seguridad, por esta raz\u00f3n la forma de realizar los cargos de los servicios del portal es a trav\u00e9s del servidor de PAYPAL, que ofrece muchas ventajas y protecci\u00f3n a los usuarios y sus transacciones. En caso de solicitar otra forma de pago, CCC seguir\u00e1 buscando tener una soluci\u00f3n con el m\u00ednimo riesgo en la transacci\u00f3n.<\/strong><\/span><\/p>\n<p style=\"text-align: justify;\"><span style=\"font-family: arial, helvetica, sans-serif;\">El uso o publicaci\u00f3n de anuncios no implica ninguna relaci\u00f3n laboral con los anunciantes o visitantes del portal. La suscripci\u00f3n a membres\u00edas ofrece al anunciante ampliar la cantidad de anuncios, costos por publicarlos y ayuda en la publicaci\u00f3n y generaci\u00f3n de la informaci\u00f3n del anuncio.<\/span><\/p>\n<p style=\"text-align: justify;\"><span style=\"font-family: arial, helvetica, sans-serif;\">En el caso de que cualquier Usuario o un tercero considere que existen hechos o circunstancias que revelen el car\u00e1cter il\u00edcito de la utilizaci\u00f3n de cualquier Contenido y\/o de la realizaci\u00f3n de cualquier actividad en las p\u00e1ginas web incluidas o accesibles a trav\u00e9s del Portal, y, en particular, de la violaci\u00f3n de derechos de propiedad intelectual o industrial (patentes, modelos y dibujos industriales, marcas y nombres comerciales, etc.) u otros derechos, deber\u00e1 enviar una notificaci\u00f3n a CCC en la que se indique la siguiente informaci\u00f3n: datos personales del reclamante: nombre, direcci\u00f3n, n\u00famero de tel\u00e9fono y direcci\u00f3n de correo electr\u00f3nico para la aclaraci\u00f3n; descripci\u00f3n de la supuesta actividad il\u00edcita llevada a cabo en el Portal, indicando irregularidad de los contenidos protegidos as\u00ed como de su localizaci\u00f3n en las p\u00e1ginas web; hechos o circunstancias que revelan el car\u00e1cter il\u00edcito de dicha actividad; en el supuesto de violaci\u00f3n de derechos, firma manuscrita o equivalente, con los datos personales del titular de los derechos supuestamente infringidos o de la persona autorizada para actuar en nombre y por cuenta de \u00e9sta.<\/span><\/p>\n<p style=\"text-align: justify;\"><span style=\"font-family: arial, helvetica, sans-serif;\">El portal est\u00e1 dise\u00f1ado inicialmente para ofrecer servicios y productos en M\u00e9xico, las ampliaciones y diferentes subdominios que relacionan a otros pa\u00edses mantienen el dise\u00f1o para visitantes mexicanos, en caso de no aceptar esas caracter\u00edsticas les pedimos se abstengan de visitar los portales.<\/span><\/p>\n<p style=\"text-align: justify;\"><span style=\"font-family: arial, helvetica, sans-serif;\">CCC tratar\u00e1 la informaci\u00f3n con la mayor discreci\u00f3n y seguridad que proporcionan los programas utilizados en EL PORTAL y resguardar\u00e1 dicha informaci\u00f3n en Vicente Y\u00e1\u00f1ez Pinz\u00f3n No. 28 en Naucalpan Estado de M\u00e9xico. Tel\u00e9fono 55 52 36 30 30.<\/span><\/p>\n<p style=\"text-align: justify;\"><span style=\"font-family: arial, helvetica, sans-serif;\">Para la interpretaci\u00f3n y cumplimiento de estos t\u00e9rminos, las partes aceptan sujetarse a la jurisdicci\u00f3n y competencia de los tribunales competentes de Ciudad de M\u00e9xico, CDMX.,M\u00e9xico; renunciando a cualquier otro fuero que les correspondiera en virtud de sus domicilios presentes o futuros o por cualquier otra raz\u00f3n.<\/span><\/p>\n","protected":false},"excerpt":{"rendered":"<p>AVISO DE USO Y PROTECCION DE DATOS &nbsp; INFORMACI\u00d3N Consultores en Comunicaciones y Computaci\u00f3n S.A. de C.V. que en lo sucesivo se nombrar\u00e1 como CCC, aclara que la informaci\u00f3n encontrada en este servicio de portal en internet no ha sido confirmada por su parte y no se responsabiliza de la veracidad o exactitud de ella. [&hellip;]<\/p>\n","protected":false},"author":1,"featured_media":0,"parent":0,"menu_order":0,"comment_status":"closed","ping_status":"closed","template":"no-sidebars.php","meta":{"_et_pb_use_builder":"","_et_pb_old_content":"","_et_gb_content_width":"","pmpro_default_level":"","footnotes":""},"class_list":["post-9","page","type-page","status-publish","hentry","pmpro-has-access"],"_links":{"self":[{"href":"https:\/\/www.pedidoenlinea.com\/huatulco\/wp-json\/wp\/v2\/pages\/9","targetHints":{"allow":["GET"]}}],"collection":[{"href":"https:\/\/www.pedidoenlinea.com\/huatulco\/wp-json\/wp\/v2\/pages"}],"about":[{"href":"https:\/\/www.pedidoenlinea.com\/huatulco\/wp-json\/wp\/v2\/types\/page"}],"author":[{"embeddable":true,"href":"https:\/\/www.pedidoenlinea.com\/huatulco\/wp-json\/wp\/v2\/users\/1"}],"replies":[{"embeddable":true,"href":"https:\/\/www.pedidoenlinea.com\/huatulco\/wp-json\/wp\/v2\/comments?post=9"}],"version-history":[{"count":0,"href":"https:\/\/www.pedidoenlinea.com\/huatulco\/wp-json\/wp\/v2\/pages\/9\/revisions"}],"wp:attachment":[{"href":"https:\/\/www.pedidoenlinea.com\/huatulco\/wp-json\/wp\/v2\/media?parent=9"}],"curies":[{"name":"wp","href":"https:\/\/api.w.org\/{rel}","templated":true}]}}